{"id":603,"date":"2021-02-01T16:47:41","date_gmt":"2021-02-01T15:47:41","guid":{"rendered":"https:\/\/matex.hr\/?page_id=603"},"modified":"2021-11-17T09:36:12","modified_gmt":"2021-11-17T08:36:12","slug":"pravila-privatnosti","status":"publish","type":"page","link":"https:\/\/matex.hr\/melco\/pravila-privatnosti\/","title":{"rendered":"Pravila privatnosti"},"content":{"rendered":"\t\t<div data-elementor-type=\"wp-page\" data-elementor-id=\"603\" class=\"elementor elementor-603\" data-elementor-post-type=\"page\">\n\t\t\t\t\t\t<section class=\"elementor-section elementor-top-section elementor-element elementor-element-6d64dabb elementor-section-boxed elementor-section-height-default elementor-section-height-default\" data-id=\"6d64dabb\" data-element_type=\"section\" data-e-type=\"section\">\n\t\t\t\t\t\t<div class=\"elementor-container elementor-column-gap-default\">\n\t\t\t\t\t<div class=\"elementor-column elementor-col-100 elementor-top-column elementor-element elementor-element-7f3dbfd7\" data-id=\"7f3dbfd7\" data-element_type=\"column\" data-e-type=\"column\">\n\t\t\t<div class=\"elementor-widget-wrap elementor-element-populated\">\n\t\t\t\t\t\t<div class=\"elementor-element elementor-element-47fa4799 elementor-widget elementor-widget-text-editor\" data-id=\"47fa4799\" data-element_type=\"widget\" data-e-type=\"widget\" data-widget_type=\"text-editor.default\">\n\t\t\t\t<div class=\"elementor-widget-container\">\n\t\t\t\t\t\t\t\t\t<h1>Pravila o privatnosti<\/h1><p>Slu\u017ebenim web stranicama (u daljnjem tekstu \u201eWeb stranica\u201c) upravlja Matex d.o.o., Cvjetna ulica 6, 40 000 \u010cakovec, (u daljnjem tekstu \u201emi\u201d ili \u201enas\u201d).<\/p><p>Pristupanjem na\u0161im web stranicama potvr\u0111ujete da ste pro\u010ditali, razumjeli te da se sla\u017eete sa svim uvjetima povjerljivosti podataka i na\u010dinom kori\u0161tenja. Va\u0161i osobni podaci kao \u0161to su: ime i prezime, adresa, telefonski broj ili e-mail adresa ne prikupljaju se pregledavanjem na\u0161e web stranice.<\/p><p>Matex d.o.o.prikuplja podatke o korisnicima koji su potrebni za ispunjenje usluga koje pru\u017eamo i obvezujemo se za\u0161tititi osobne podatke sada\u0161njih i budu\u0107ih korisnika u skladu sa Op\u0107om uredbom o za\u0161titi podataka (Uredba (EU) 2016\/679 Europskog parlamenta i Vije\u0107a od 27. travnja 2016. o za\u0161titi pojedinaca u vezi s obradom osobnih podataka i o slobodnom kretanju takvih podataka).<\/p><p>Svi se podaci o korisnicima strogo \u010duvaju i dostupni su samo zaposlenicima kojima su ti podaci nu\u017eni u obavljanju njihovih poslova. Zaposlenici dru\u0161tva Matex d.o.o. odgovorni su za po\u0161tivanje na\u010dela za\u0161tite povjerljivosti.<\/p><p>Bez Va\u0161e izravne suglasnosti ni pod kojim uvjetima ne\u0107emo prenijeti, prodati ili ustupiti osobne podatke korisnika tre\u0107im stranama, osim u slu\u010dajevima u kojima bi se to zahtijevalo od nas na na\u010din i pod uvjetima utvr\u0111enim propisima Republike Hrvatske.<\/p><p>Sva pitanja u vezi s obradom osobnih podataka, eventualne pritu\u017ebe, zahtjeve za brisanje, a\u017euriranje i ispravak osobnih podataka molimo uputiti Upravi dru\u0161tva Matex d.o.o.<\/p><p>Kada posjetite na\u0161u web stranicu, Matex d.o.o.mo\u017ee sakupljati informacije koje vas ne mogu identificirati kao odre\u0111enu osobu kao:<\/p><ul><li>IP adresa<\/li><li>datum i vrijeme pristupa<\/li><li>zemlja\/\u017eupanija odakle dolazite na stranicu<\/li><li>sadr\u017eaj zahtjeva (specifi\u010dna stranica)<\/li><li>status pristupa\/HTTP status kod<\/li><li>koli\u010dina prenesenih podataka<\/li><li>Web stranica koja zahtijeva pristup<\/li><\/ul><p>Nadalje, kako bismo za\u0161titili na\u0161e legitimne interese, takve podatke na ograni\u010deno vrijeme pohranjujemo kako bismo mogli zapo\u010deti s pra\u0107enjem osobnih podataka u slu\u010daju ili poku\u0161aju neovla\u0161tenog pristupa na\u0161im poslu\u017eiteljima (\u010dlanak 6(1)(f) Op\u0107e uredbe o za\u0161titi podataka).<\/p><h2>\u00a0<\/h2><h2>Postavljanje kola\u010di\u0107a<\/h2><p>Ova Web stranica koristi tzv. \u201ekola\u010di\u0107e\u201c. Kola\u010di\u0107i su male tekstualne datoteke pohranjene u memoriji Va\u0161eg ure\u0111aja putem Va\u0161eg preglednika. Oni pohranjuju odre\u0111ene informacije (npr. kori\u0161teni jezik ili postavke stranice) koje Va\u0161 pretra\u017eiva\u010d mo\u017ee (ovisno o vijeku trajanja kola\u010di\u0107a) ponovno nama prenijeti prilikom Va\u0161eg sljede\u0107eg posjeta na\u0161oj Web stranici. Na\u0161a web stranica koristi samo funkcionalne kola\u010di\u0107e, bez kojih bi funkcionalnost na\u0161e Web stranice bila smanjena.<\/p><h3>\u00a0<\/h3><h3>Tehni\u010dki potrebni kola\u010di\u0107i\/funkcionalni<\/h3><p>wordpress_test_cookie<br \/>Woocommerce (woocommerce_items_in_cart, woocommerce_cart_hash, wp_woocommerce_session_)<br \/>Youtube (ponekad ugra\u0111ujemo video sadr\u017eaj s YouTube programa koriste\u0107i YouTube-ov na\u010din pobolj\u0161ane privatnosti)<\/p><h3>\u00a0<\/h3><h3>Kako sprije\u010diti postavljanje kola\u010di\u0107a<\/h3><p>Naravno, na\u0161u Web stranicu mo\u017eete koristiti i bez postavljanja kola\u010di\u0107a. U bilo kojem trenutku mo\u017eete u Va\u0161em pregledniku podesiti ili u potpunosti deaktivirati kori\u0161tenje kola\u010di\u0107a. Me\u0111utim, to mo\u017ee dovesti do ograni\u010dene funkcionalnosti ili negativno utjecati na pristupa\u010dnost na\u0161e Web stranice. Mo\u017eete u bilo kojem trenutku odustati od postavljanja dodatnih kola\u010di\u0107a koriste\u0107i odgovaraju\u0107i opciju za primjedbe navedenu u gornjoj tablici.<\/p><h2>\u00a0<\/h2><h2>Kori\u0161tenje obrazaca za kontakt<\/h2><p>Mo\u017eete nam se obratiti izravno putem obrasca za kontakt koji je dostupan na na\u0161oj Web stranici. Poglavito, mo\u017eete nam poslati sljede\u0107e podatke: ime, e-mail te Va\u0161u poruku s naslovom.<br \/>S obzirom da prikupljamo takve podatke njihov prijenos je za\u0161ti\u0107en sa SSL certifikatom.<br \/>Prikupljamo, obra\u0111ujemo i koristimo podatke koje ste nam dali preko obrazaca za kontakt isklju\u010divo za izvr\u0161avanje Va\u0161ih specifi\u010dnih zahtjeva.<\/p><h2>\u00a0<\/h2><h2>Kako koristimo va\u0161e podatke?<\/h2><p>Va\u0161e podatke koje prikupljamo prilikom narud\u017ebe te pregleda stranica koristimo u slijede\u0107e svrhe:<\/p><ul><li>za personalizaciju korisni\u010dkog iskustva, te kako bi omogu\u0107ili dostaviti uslugu za koje ste zainteresirani,<\/li><li>za unaprje\u0111enje na\u0161ih stranica kako bi vam bolje slu\u017eile,<\/li><li>za br\u017eu obradu transakcija,<\/li><li>za slanje elektroni\u010dke po\u0161te u vezi va\u0161e narud\u017ebe ili drugih proizvoda i usluga.<\/li><\/ul><h2>\u00a0<\/h2><h2>Informacije kojima dozvoljavamo pristup<\/h2><p>Matex d.o.o. mo\u017ee ponekad dozvoliti pristup osobnim informacijama s agentima ili ugovornim stranama u administraciji usluga koje isporu\u010duje u ime Matex d.o.o. Ula\u017eemo napore kako bi odabrali isklju\u010divo po\u0161tene partnere no ne preuzimamo odgovornost za njihove Izjave o privatnosti ili poslovne modele.<\/p><h2>\u00a0<\/h2><h2>Kako \u0161titimo Va\u0161e informacije<\/h2><p>Net ula\u017ee zna\u010dajne napore kako bi za\u0161titio va\u0161e osobne informacije od neautoriziranog pristupa, kra\u0111e, gubitka ili izmjene pomo\u0107u razli\u010ditih mjera elektroni\u010dke za\u0161tite. Ove mjere uklju\u010duju firewall-e, SSL certifikate, anti-virus detekcije kao i kori\u0161tenja lozinki na za\u0161ti\u0107enim stranicama.<\/p><h2>\u00a0<\/h2><h2>Informacije vezane uz Va\u0161a prava<\/h2><p>U skladu s primjenjivim propisima o za\u0161titi privatnosti podataka pripadaju Vam sljede\u0107a prava:<\/p><ul><li>Pravo na informacije o Va\u0161im osobnim podacima koje smo pohranili;<\/li><li>Pravo na tra\u017eenje ispravka, brisanje ili ograni\u010davanje obrade Va\u0161ih osobnih podataka;<\/li><li>Pravo na prigovor na obradu podataka za razloge iz na\u0161eg vlastitog legitimnog interesa, javnog interesa, ili profiliranja, osim ako ne mo\u017eemo dokazati da postoje uvjerljivi, opravdani razlozi koji nadilaze Va\u0161e interese, prava i slobodu, ili da se takva obrada provodi u svrhu potvrde, primjene ili obrane pravnih zahtjeva;<\/li><li>Pravo na prijenos podataka;<\/li><li>Pravo na podno\u0161enje \u017ealbe tijelu koje je nadle\u017eno za za\u0161titu podataka;<\/li><\/ul><p>Mo\u017eete u bilo kojem trenutku s budu\u0107im u\u010dinkom opozvati Va\u0161u privolu vezanu uz prikupljanje, obradu i kori\u0161tenje Va\u0161ih osobnih podataka. Za daljnje informacije pogledajte poglavlja iznad koja opisuju obradu podataka na temelju Va\u0161e privole.<br \/>Ako \u017eelite iskoristiti Va\u0161a prava, obratite se Va\u0161im zahtjevom kontaktu navedenom ispod.<\/p><h2>\u00a0<\/h2><h2>Kontakt<\/h2><p>Za sva pitanja vezana uz privatnost podataka molimo koristite na\u0161 obrazac za kontakt ili se obratite osobi odgovornoj za za\u0161titu podataka na adresi:<\/p><p>Osoba odgovorna za za\u0161titu osobnih podataka:<br \/>e-mail: <a href=\"mailto:info@matex.hr\">info@matex.hr<\/a><\/p><p>ili po\u0161tom na<br \/>Matex d.o.o.<br \/>Cvjetna ulica 6<br \/>40 000 \u010cakovec<\/p><p>Odgovorna osoba za za\u0161titu osobnih podataka du\u017ena je \u010duvati povjerljivost svih informacija i podataka koje sazna u obavljanju svojih du\u017enosti, a ta obveza traje i nakon prestanka obavljanja du\u017enosti odgovorne osobe za za\u0161titu osobnih podataka.<\/p><p>Ukoliko \u017eelite da u na\u0161im evidencijama obri\u0161emo Va\u0161e osobne podatke molim da preuzmete, ispunite i dostavite nam Zahtjev za brisanje osobnih podataka koji je dostupan na poveznici:<\/p><p><a href=\"https:\/\/matex.hr\/melco\/wp-content\/uploads\/Zahtjev.pdf\" target=\"_blank\" rel=\"noopener\">Zahtjev za brisanje osobnih podataka<\/a><\/p><h3>\u00a0<\/h3><h3>A\u017euriranje izjave o privatnosti<\/h3><p>Periodi\u010dno mo\u017eemo a\u017eurirati na\u0161u izjavu o privatnosti. A\u017euriranja na\u0161e izjave o privatnosti bit \u0107e objavljena na na\u0161oj Web stranici. Sve dopune stupaju na snagu u trenutku njihove objave na na\u0161oj Web stranici. Stoga, savjetujemo Vam da redovito posje\u0107ujte stranicu kako biste bili obavije\u0161teni o mogu\u0107im a\u017euriranjima.<\/p><h2>\u00a0<\/h2><h2>Pravila o postupanju s \u201ekola\u010di\u0107ima\u201c<\/h2><h3>\u0160to je kola\u010di\u0107?<\/h3><p>Kola\u010di\u0107 je informacija spremljena na ra\u010dunalo od strane web stranice koju posjetite. Uobi\u010dajeno je da sprema va\u0161e postavke i postavke za web-stranicu, kao \u0161to su na primjer preferirani jezik ili adresa. Kasnije, kada opet otvorite istu web-stranicu, internetski preglednik \u0161alje natrag kola\u010di\u0107e koji pripadaju toj stranici. Ovo omogu\u0107ava stranici da prika\u017ee personalizirane informacije.<\/p><p>Kola\u010di\u0107i mogu spremati \u0161irok raspon informacija, uklju\u010duju\u0107i osobne informacije (kao \u0161to je osobno ime ili adresa e-po\u0161te). Ipak, ova informacija mo\u017ee biti spremljena jedino ako se to izri\u010dito omogu\u0107i jer web-stranice ne mogu dobiti pristup informacijama koje im niste dali\/la i ne mogu pristupiti drugim datotekama na va\u0161em ra\u010dunalu. Zadane aktivnosti spremanja i slanja kola\u010di\u0107a nisu vidljive korisnicima. Ipak, mo\u017eete promijeniti postavke internetskog preglednika tako da samostalno izaberete ho\u0107ete li zahtjeve za spremanje kola\u010di\u0107a odobriti ili odbiti te zatim automatski obrisati pri zatvaranju internetskog preglednika spremljene kola\u010di\u0107e i ostale postavke.<\/p><h3>\u00a0<\/h3><h3>Kako podesiti postavke kola\u010di\u0107a?<\/h3><p>Ure\u0111ivanjem postavki kola\u010di\u0107a odlu\u010dujete ho\u0107ete li dopustiti njihovo pohranjivanje na svojem ra\u010dunalu. Upravljanje i pode\u0161avanje postavkama kola\u010di\u0107a, kao \u0161to smo spomenuli, mo\u017ee se napraviti u internetskome pregledniku. Za informacije o postavkama kola\u010di\u0107a, kliknite na ime internetskog preglednika koji koristite. Neke postavke mogu ovisiti i o ure\u0111aju kojim pristupate internetu (stolno ra\u010dunalo, tablet ili mobitel) i nisu sve dostupne na hrvatskome jeziku.<\/p><p>Google Chrome<br \/>Mozilla Firefox<br \/>Samsung Internet (stranica na engleskom jeziku)<br \/>Microsoft Internet Explorer<br \/>Microsoft Edge<br \/>Opera<br \/>Safari \u2013 iOS \/ Mac<\/p><p>Ako onemogu\u0107ite kola\u010di\u0107e, ne\u0107ete mo\u0107i koristiti neke od funkcionalnosti na web-stranicama www.matex.hr i stickerei-matex.at.<\/p><h3>\u00a0<\/h3><h3>\u0160to su privremeni kola\u010di\u0107i?<\/h3><p>Privremeni kola\u010di\u0107i ili kola\u010di\u0107i sesije uklanjaju se s ra\u010dunala po zatvaranju internetskog preglednika. Pomo\u0107u njih web-mjesta pohranjuju privremene podatke, poput stavki u ko\u0161arici za kupnju.<\/p><h3>\u00a0<\/h3><h3>\u0160to su stalni kola\u010di\u0107i?<\/h3><p>Stalni ili spremljeni kola\u010di\u0107i ostaju na ra\u010dunalu nakon zatvaranja internetskog preglednika. Pomo\u0107u njih web-mjesta pohranjuju podatke, kao \u0161to su korisni\u010dko ime za prijavu i zaporka, tako da se ne morate prijavljivati prilikom svakog posjeta odre\u0111enom mjestu. Stalni kola\u010di\u0107i ostat \u0107e na ra\u010dunalu danima, mjesecima, a neki \u010dak i godinama.<\/p><h3>\u00a0<\/h3><h3>\u0160to su kola\u010di\u0107i od prve strane?<\/h3><p>Kola\u010di\u0107i prve strane dolaze s web-mjesta koje gledate, a mogu biti privremeni ili stalni. Pomo\u0107u njih web-mjesta mogu pohraniti podatke koje \u0107e ponovo koristiti prilikom sljede\u0107eg posjeta tom web-mjestu.<\/p><h3>\u00a0<\/h3><h3>\u0160to su kola\u010di\u0107i tre\u0107e strane?<\/h3><p>Kola\u010di\u0107i tre\u0107e strane dolaze sa sadr\u017eaja drugih web-mjesta, na primjer reklame, koje se nalaze na web-mjestu koje trenutno gledate. Pomo\u0107u tih kola\u010di\u0107a web-mjesta mogu pratiti kori\u0161tenje interneta u marketin\u0161ke svrhe.<\/p><h3>\u00a0<\/h3><h3>Koristi li www.matex.hr i stickerei-matex.at kola\u010di\u0107e?<\/h3><p>Intranet stranica www.matex.hr i stickerei-matex.at koristi kola\u010di\u0107e, s primarnim ciljem kako bi na\u0161a web-stranica omogu\u0107ila bolje korisni\u010dko iskustvo.<\/p><h3>\u00a0<\/h3><h3>Kakve kola\u010di\u0107e koristi www.matex.hr i stickerei-matex.at i za\u0161to?<\/h3><p>Privremeni kola\u010di\u0107i (engl. Session cookies) \u2013 to su privremeni kola\u010di\u0107i koji isti\u010du (i automatski se bri\u0161u) kada zatvorite internetski preglednik. Koristimo ih da omogu\u0107imo pristup sadr\u017eaju i omogu\u0107imo stvari koje mo\u017eete u\u010diniti kada se prijavite sa svojim podacima na www.matex.hr i stickerei-matex.at.<\/p><p>Trajni kola\u010di\u0107i (engl. Persistent cookies) \u2013 obi\u010dno imaju datum isteka daleko u budu\u0107nosti te \u0107e ostati u va\u0161em pregledniku, dok ne isteknu, ili dok ih ru\u010dno ne izbri\u0161ete. www.matex.hr i stickerei-matex.at koristi trajne kola\u010di\u0107e za funkcionalnosti poput \u201epam\u0107enja\u201c da je korisnik prijavljen na stranici, \u0161to vama kao registriranom korisniku olak\u0161ava kori\u0161tenje www.matex.hr i stickerei-matex.at. Tako\u0111er koristimo trajne kola\u010di\u0107e kako bismo bolje razumjeli navike korisnika i sukladno tome pobolj\u0161ali stranicu prema korisni\u010dkim na\u010dinima kori\u0161tenja. Ova informacija je anonimna \u2013 ne vidimo individualne podatke korisnika.<\/p><h3>\u00a0<\/h3><h3>Ima li www.matex.hr i stickerei-matex.at kola\u010di\u0107e tre\u0107e strane?<\/h3><p>Koristimo nekoliko vanjskih servisa koji korisniku spremaju limitirane kola\u010di\u0107e. Ovi kola\u010di\u0107i postavljeni su za normalno funkcioniranje odre\u0111enih mogu\u0107nosti koje korisnicima olak\u0161avaju pristup sadr\u017eaju kao i dijeljenje istoga s drugim internetskim servisima.<\/p><h3>\u00a0<\/h3><h3>Dru\u0161tvene mre\u017ee<\/h3><p>Korisnici se mogu prijaviti i registrirati preko vlastitih ra\u010duna s dru\u0161tvenih mre\u017ea Facebook, Twitter i Youtube. Tako\u0111er dijeljenje oglasa na tim dru\u0161tvenim mre\u017eama postavlja kola\u010di\u0107e. Internet stranica www.matex.hr i stickerei-matex.at koristi osim toga i ostale servise kao npr. Mailchimp.<\/p><h3>\u00a0<\/h3><h3>Mjerenje posje\u0107enosti<\/h3><p>Na\u0161a web stranica koristi Google Analytics, uslugu web analize koju pru\u017ea Google, Inc. (\u201cGoogle\u201d). Informacije koje generira kola\u010di\u0107 o va\u0161em kori\u0161tenju na\u0161e web stranice (uklju\u010duju\u0107i va\u0161u IP adresu) bit \u0107e prenesene na Google i pohranjene na poslu\u017eiteljima u Republici Irskoj gdje \u0107e se \u010duvati najdu\u017ee 26 mjeseci nakon \u010dega \u0107e biti izbrisani. Google \u0107e koristiti te informacije u svrhu vrednovanja va\u0161eg kori\u0161tenja na\u0161e web stranice, sastavljanjem izvje\u0161\u0107a o aktivnostima na web stranici za operatore web mjesta i pru\u017eanjem drugih usluga vezanih uz aktivnost web stranica i kori\u0161tenje interneta. Google tako\u0111er mo\u017ee prenijeti te podatke tre\u0107im stranama, ako to zahtijeva zakon, ili ako takve tre\u0107e strane obra\u0111uju podatke u ime tvrtke Google. Google ne\u0107e povezati va\u0161u IP adresu s drugim podacima koje Google posjeduje. Daljnje informacije o Googleovim pravilima o privatnosti mo\u017eete dobiti na adresi <a href=\"http:\/\/www.google.com\/privacy.html\" target=\"_blank\" rel=\"noopener nofollow\">http:\/\/www.google.com\/privacy.html<\/a>.<\/p><p>Ukoliko \u017eelite onemogu\u0107iti da vam navedeni servis sprema \u201ckola\u010di\u0107e\u201d, to mo\u017eete u\u010diniti ovdje.<\/p><p>Trenutno postoji nekoliko internetskih stranica za isklju\u010divanje pohranjivanja \u201ckola\u010di\u0107a\u201d za razli\u010dite servise. Vi\u0161e se mo\u017eete informirati na sljede\u0107im linkovima:<br \/><a href=\"http:\/\/www.allaboutcookies.org\/\" target=\"_blank\" rel=\"noopener nofollow\">http:\/\/www.allaboutcookies.org\/<\/a><\/p>\t\t\t\t\t\t\t\t<\/div>\n\t\t\t\t<\/div>\n\t\t\t\t\t<\/div>\n\t\t<\/div>\n\t\t\t\t\t<\/div>\n\t\t<\/section>\n\t\t\t\t<\/div>\n\t\t","protected":false},"excerpt":{"rendered":"<p>Pravila o privatnosti Slu\u017ebenim web stranicama (u daljnjem tekstu \u201eWeb stranica\u201c) upravlja Matex d.o.o., Cvjetna ulica 6, 40 000 \u010cakovec, (u daljnjem tekstu \u201emi\u201d ili \u201enas\u201d). Pristupanjem na\u0161im web stranicama potvr\u0111ujete da ste pro\u010ditali, razumjeli te da se sla\u017eete sa svim uvjetima povjerljivosti podataka i na\u010dinom kori\u0161tenja. Va\u0161i osobni podaci kao \u0161to su: ime i [&hellip;]<\/p>\n","protected":false},"author":1,"featured_media":0,"parent":0,"menu_order":0,"comment_status":"closed","ping_status":"closed","template":"","meta":{"footnotes":""},"class_list":["post-603","page","type-page","status-publish","hentry"],"_links":{"self":[{"href":"https:\/\/matex.hr\/melco\/wp-json\/wp\/v2\/pages\/603","targetHints":{"allow":["GET"]}}],"collection":[{"href":"https:\/\/matex.hr\/melco\/wp-json\/wp\/v2\/pages"}],"about":[{"href":"https:\/\/matex.hr\/melco\/wp-json\/wp\/v2\/types\/page"}],"author":[{"embeddable":true,"href":"https:\/\/matex.hr\/melco\/wp-json\/wp\/v2\/users\/1"}],"replies":[{"embeddable":true,"href":"https:\/\/matex.hr\/melco\/wp-json\/wp\/v2\/comments?post=603"}],"version-history":[{"count":16,"href":"https:\/\/matex.hr\/melco\/wp-json\/wp\/v2\/pages\/603\/revisions"}],"predecessor-version":[{"id":749,"href":"https:\/\/matex.hr\/melco\/wp-json\/wp\/v2\/pages\/603\/revisions\/749"}],"wp:attachment":[{"href":"https:\/\/matex.hr\/melco\/wp-json\/wp\/v2\/media?parent=603"}],"curies":[{"name":"wp","href":"https:\/\/api.w.org\/{rel}","templated":true}]}}